{"id":4956,"date":"2024-08-22T17:23:41","date_gmt":"2024-08-22T17:23:41","guid":{"rendered":"https:\/\/heritageestate.al\/?page_id=4956"},"modified":"2024-10-11T09:04:13","modified_gmt":"2024-10-11T09:04:13","slug":"about-us","status":"publish","type":"page","link":"https:\/\/heritageestate.al\/sq\/about-us\/","title":{"rendered":"About US"},"content":{"rendered":"<div data-elementor-type=\"wp-page\" data-elementor-id=\"4956\" class=\"elementor elementor-4956\">\n\t\t\t\t<div class=\"elementor-element elementor-element-423a321 e-flex e-con-boxed e-con e-parent\" data-id=\"423a321\" data-element_type=\"container\">\n\t\t\t\t\t<div class=\"e-con-inner\">\n\t\t<div class=\"elementor-element elementor-element-1fe26b7 e-con-full e-flex e-con e-child\" data-id=\"1fe26b7\" data-element_type=\"container\">\n\t\t\t\t<div class=\"elementor-element elementor-element-83418f6 elementor-widget elementor-widget-text-editor\" data-id=\"83418f6\" data-element_type=\"widget\" data-widget_type=\"text-editor.default\">\n\t\t\t\t<div class=\"elementor-widget-container\">\n\t\t\t\t\t\t\t\t\t<p><\/p>\n<p>Heritage Estate \u00ebsht\u00eb nj\u00eb agjenci premium imobiliare e dedikuar p\u00ebr t\u00eb kuruar nj\u00eb portofol ekskluziv t\u00eb pronave luksoze n\u00eb Shqip\u00ebri. Misioni yn\u00eb \u00ebsht\u00eb t\u00eb lidhim klient\u00ebt e mpreht\u00eb me pronat m\u00eb t\u00eb mira, n\u00ebp\u00ebrmjet nj\u00eb qasjeje t\u00eb sofistikuar marketingu dhe nj\u00eb rrjeti gjith\u00ebp\u00ebrfshir\u00ebs referimi.<\/p>\n<p><\/p>\t\t\t\t\t\t\t\t<\/div>\n\t\t\t\t<\/div>\n\t\t\t\t<\/div>\n\t\t<div class=\"elementor-element elementor-element-9ae5798 e-con-full e-flex e-con e-child\" data-id=\"9ae5798\" data-element_type=\"container\">\n\t\t\t\t<div class=\"elementor-element elementor-element-95a3f6b elementor-widget elementor-widget-text-editor\" data-id=\"95a3f6b\" data-element_type=\"widget\" data-widget_type=\"text-editor.default\">\n\t\t\t\t<div class=\"elementor-widget-container\">\n\t\t\t\t\t\t\t\t\t<p><\/p>\n<p><span style=\"text-align: var(--text-align); font-weight: inherit; color: var(--rh-global-color-text);\">Heritage Estate \u00ebsht\u00eb nj\u00eb agjenci premium imobiliare e dedikuar p\u00ebr t\u00eb kuruar nj\u00eb portofol ekskluziv t\u00eb pronave luksoze n\u00eb Shqip\u00ebri. Misioni yn\u00eb \u00ebsht\u00eb t\u00eb lidhim klient\u00ebt e mpreht\u00eb me pronat m\u00eb t\u00eb mira, n\u00ebp\u00ebrmjet nj\u00eb qasjeje t\u00eb sofistikuar marketingu dhe nj\u00eb rrjeti gjith\u00ebp\u00ebrfshir\u00ebs referimi.<\/span><\/p>\n<p><\/p>\n<p><\/p>\n<p>Heritage Estate mb\u00ebshtetet nga nj\u00eb mori burimesh t\u00eb industris\u00eb, duke p\u00ebrfshir\u00eb mjete t\u00eb avancuara marketingu, udh\u00ebzime ekspert\u00ebsh dhe nj\u00eb njohje t\u00eb thell\u00eb t\u00eb peizazhit lokal t\u00eb pasurive t\u00eb paluajtshme. Rrjeti yn\u00eb siguron q\u00eb \u00e7do pron\u00eb t\u00eb prezantohet me eleganc\u00eb dhe sakt\u00ebsi, duke reflektuar vler\u00ebn e v\u00ebrtet\u00eb t\u00eb jetes\u00ebs luksoze n\u00eb Shqip\u00ebri.<\/p>\n<p><\/p>\t\t\t\t\t\t\t\t<\/div>\n\t\t\t\t<\/div>\n\t\t\t\t<\/div>\n\t\t<div class=\"elementor-element elementor-element-119e4b2 e-con-full e-flex e-con e-child\" data-id=\"119e4b2\" data-element_type=\"container\">\n\t\t\t\t<div class=\"elementor-element elementor-element-45e0245 elementor-widget elementor-widget-shortcode\" data-id=\"45e0245\" data-element_type=\"widget\" data-widget_type=\"shortcode.default\">\n\t\t\t\t<div class=\"elementor-widget-container\">\n\t\t\t\t\t\t\t<div class=\"elementor-shortcode\"><div class=\"_df_thumb\" id=\"df_5360\"  _slug=\"bo\" data-title=\"heritage-brochure\" wpoptions=\"true\" thumb=\"https:\/\/heritageestate.al\/wp-content\/uploads\/2024\/10\/1.jpg\" thumbtype=\"\" >Heritage Brochure<\/div><script class=\"df-shortcode-script\" nowprocket type=\"application\/javascript\">window.option_df_5360 = {\"outline\":[],\"autoEnableOutline\":\"false\",\"autoEnableThumbnail\":\"false\",\"overwritePDFOutline\":\"false\",\"direction\":\"1\",\"pageSize\":\"0\",\"source\":\"https:\\\/\\\/heritageestate.al\\\/wp-content\\\/uploads\\\/2024\\\/10\\\/Heritage-Brochure.pdf\",\"wpOptions\":\"true\"}; if(window.DFLIP && window.DFLIP.parseBooks){window.DFLIP.parseBooks();}<\/script><\/div>\n\t\t\t\t\t\t<\/div>\n\t\t\t\t<\/div>\n\t\t\t\t<div class=\"elementor-element elementor-element-a07ccc3 elementor-widget elementor-widget-heading\" data-id=\"a07ccc3\" data-element_type=\"widget\" data-widget_type=\"heading.default\">\n\t\t\t\t<div class=\"elementor-widget-container\">\n\t\t\t\t\t<div class=\"elementor-heading-title elementor-size-default\">See Our Brochure<\/div>\t\t\t\t<\/div>\n\t\t\t\t<\/div>\n\t\t\t\t<\/div>\n\t\t\t\t\t<\/div>\n\t\t\t\t<\/div>\n\t\t<div class=\"elementor-element elementor-element-6601f4a e-flex e-con-boxed e-con e-parent\" data-id=\"6601f4a\" data-element_type=\"container\">\n\t\t\t\t\t<div class=\"e-con-inner\">\n\t\t\t\t<div class=\"elementor-element elementor-element-d9ca5e9 elementor-widget elementor-widget-image\" data-id=\"d9ca5e9\" data-element_type=\"widget\" data-widget_type=\"image.default\">\n\t\t\t\t<div class=\"elementor-widget-container\">\n\t\t\t\t\t\t\t\t\t\t\t\t\t\t\t<img fetchpriority=\"high\" decoding=\"async\" width=\"738\" height=\"501\" src=\"https:\/\/heritageestate.al\/wp-content\/uploads\/2024\/08\/WhatsApp-Image-2024-08-12-at-1.13.18-PM-1024x695.jpeg\" class=\"attachment-large size-large wp-image-5169\" alt=\"\" srcset=\"https:\/\/heritageestate.al\/wp-content\/uploads\/2024\/08\/WhatsApp-Image-2024-08-12-at-1.13.18-PM-1024x695.jpeg 1024w, https:\/\/heritageestate.al\/wp-content\/uploads\/2024\/08\/WhatsApp-Image-2024-08-12-at-1.13.18-PM-300x204.jpeg 300w, https:\/\/heritageestate.al\/wp-content\/uploads\/2024\/08\/WhatsApp-Image-2024-08-12-at-1.13.18-PM-768x521.jpeg 768w, https:\/\/heritageestate.al\/wp-content\/uploads\/2024\/08\/WhatsApp-Image-2024-08-12-at-1.13.18-PM-1536x1043.jpeg 1536w, https:\/\/heritageestate.al\/wp-content\/uploads\/2024\/08\/WhatsApp-Image-2024-08-12-at-1.13.18-PM-18x12.jpeg 18w, https:\/\/heritageestate.al\/wp-content\/uploads\/2024\/08\/WhatsApp-Image-2024-08-12-at-1.13.18-PM-150x102.jpeg 150w, https:\/\/heritageestate.al\/wp-content\/uploads\/2024\/08\/WhatsApp-Image-2024-08-12-at-1.13.18-PM.jpeg 1600w\" sizes=\"(max-width: 738px) 100vw, 738px\" \/>\t\t\t\t\t\t\t\t\t\t\t\t\t\t\t<\/div>\n\t\t\t\t<\/div>\n\t\t\t\t\t<\/div>\n\t\t\t\t<\/div>\n\t\t<div class=\"elementor-element elementor-element-0b6aff9 e-flex e-con-boxed e-con e-parent\" data-id=\"0b6aff9\" data-element_type=\"container\">\n\t\t\t\t\t<div class=\"e-con-inner\">\n\t\t<div class=\"elementor-element elementor-element-296e0f7 e-con-full e-flex e-con e-child\" data-id=\"296e0f7\" data-element_type=\"container\">\n\t\t\t\t<div class=\"elementor-element elementor-element-e8ef83a elementor-align-center elementor-widget elementor-widget-button\" data-id=\"e8ef83a\" data-element_type=\"widget\" data-widget_type=\"button.default\">\n\t\t\t\t<div class=\"elementor-widget-container\">\n\t\t\t\t\t\t\t\t\t<div class=\"elementor-button-wrapper\">\n\t\t\t\t\t<a class=\"elementor-button elementor-button-link elementor-size-sm\" href=\"https:\/\/heritageestate.al\/sq\/contact\/\">\n\t\t\t\t\t\t<span class=\"elementor-button-content-wrapper\">\n\t\t\t\t\t\t\t\t\t<span class=\"elementor-button-text\">Na Kontaktoni<\/span>\n\t\t\t\t\t<\/span>\n\t\t\t\t\t<\/a>\n\t\t\t\t<\/div>\n\t\t\t\t\t\t\t\t<\/div>\n\t\t\t\t<\/div>\n\t\t\t\t<\/div>\n\t\t\t\t\t<\/div>\n\t\t\t\t<\/div>\n\t\t\t\t<\/div>","protected":false},"excerpt":{"rendered":"<p>Heritage Estate is established to offer luxury real estate services with an unparalleled level of excellence. Our mission is to connect discerning clients with the finest properties in Albania through a sophisticated marketing approach and comprehensive referral network. Heritage Estate operates as a premium real estate agency dedicated to curating an exclusive portfolio of luxury&#8230;<\/p>","protected":false},"author":1,"featured_media":0,"parent":0,"menu_order":0,"comment_status":"closed","ping_status":"closed","template":"","meta":{"footnotes":""},"class_list":["post-4956","page","type-page","status-publish","hentry"],"_links":{"self":[{"href":"https:\/\/heritageestate.al\/sq\/wp-json\/wp\/v2\/pages\/4956","targetHints":{"allow":["GET"]}}],"collection":[{"href":"https:\/\/heritageestate.al\/sq\/wp-json\/wp\/v2\/pages"}],"about":[{"href":"https:\/\/heritageestate.al\/sq\/wp-json\/wp\/v2\/types\/page"}],"author":[{"embeddable":true,"href":"https:\/\/heritageestate.al\/sq\/wp-json\/wp\/v2\/users\/1"}],"replies":[{"embeddable":true,"href":"https:\/\/heritageestate.al\/sq\/wp-json\/wp\/v2\/comments?post=4956"}],"version-history":[{"count":20,"href":"https:\/\/heritageestate.al\/sq\/wp-json\/wp\/v2\/pages\/4956\/revisions"}],"predecessor-version":[{"id":5393,"href":"https:\/\/heritageestate.al\/sq\/wp-json\/wp\/v2\/pages\/4956\/revisions\/5393"}],"wp:attachment":[{"href":"https:\/\/heritageestate.al\/sq\/wp-json\/wp\/v2\/media?parent=4956"}],"curies":[{"name":"wp","href":"https:\/\/api.w.org\/{rel}","templated":true}]}}